{"id":204,"date":"2025-02-16T11:15:11","date_gmt":"2025-02-16T10:15:11","guid":{"rendered":"https:\/\/armn96.wordpress.com\/?page_id=122"},"modified":"2026-02-02T17:58:32","modified_gmt":"2026-02-02T16:58:32","slug":"inscriptions","status":"publish","type":"page","link":"https:\/\/armn.fr\/index.php\/inscriptions\/","title":{"rendered":"Inscriptions 2025-2026"},"content":{"rendered":"\n<p class=\"has-kubio-color-1-color has-text-color has-link-color wp-elements-b50573da8614dfbcf66becd447db08f5\" style=\"font-size:30px\"><strong>Cette ann\u00e9e, le syst\u00e8me d\u2019inscriptions \u00e9volue !<\/strong><\/p>\n\n\n\n<p class=\"has-text-align-left\">Afin de simplifier la gestion des dossiers et le suivi des adh\u00e9rents, toutes les inscriptions passeront d\u00e9sormais par l\u2019application MonClub.<\/p>\n\n\n\n<p class=\"has-text-align-left\"><strong>&#8211; Comment faire ?<\/strong><\/p>\n\n\n\n\n\n<div data-wp-interactive=\"core\/file\" class=\"wp-block-file\"><object data-wp-bind--hidden=\"!state.hasPdfPreview\" hidden class=\"wp-block-file__embed\" data=\"https:\/\/armn.fr\/wp-content\/uploads\/2025\/09\/Tuto-MonClub-1.pdf\" type=\"application\/pdf\" style=\"width:100%;height:600px\" aria-label=\"Contenu embarqu\u00e9 Tuto MonClub.\"><\/object><a id=\"wp-block-file--media-fde5f85f-757a-47e5-8309-c3038a94a5ec\" href=\"https:\/\/armn.fr\/wp-content\/uploads\/2025\/09\/Tuto-MonClub-1.pdf\">Tuto MonClub<\/a><a href=\"https:\/\/armn.fr\/wp-content\/uploads\/2025\/09\/Tuto-MonClub-1.pdf\" class=\"wp-block-file__button wp-element-button\" download aria-describedby=\"wp-block-file--media-fde5f85f-757a-47e5-8309-c3038a94a5ec\">T\u00e9l\u00e9charger<\/a><\/div>\n\n\n\n<p class=\"has-text-align-left\"><strong>&#8211; !! Important !!<\/strong><\/p>\n\n\n\n<p class=\"has-text-align-left\">Pour gagner du temps et accueillir tout le monde dans les meilleures conditions lors des cr\u00e9neaux d\u2019inscriptions, nous vous demandons, si possible, de :<\/p>\n\n\n\n<ul class=\"wp-block-list\">\n<li>t\u00e9l\u00e9charger l\u2019application,<\/li>\n\n\n\n<li>cr\u00e9er le compte parent et les profils enfants avant de venir aux inscriptions au club.<\/li>\n<\/ul>\n\n\n\n<p class=\"has-text-align-left\">Merci de votre compr\u00e9hension et de votre coop\u00e9ration !<\/p>\n\n\n\n<p class=\"has-text-align-left\">Nous avons h\u00e2te de vous retrouver pour une nouvelle saison pleine d\u2019\u00e9nergie !<\/p>\n\n\n\n<p class=\"has-text-align-left\">Si vous rencontrez des difficult\u00e9s pour constituer votre dossier, pr\u00e9parez au mieux vos informations personnelles, et nous ach\u00e8verons l\u2019\u00e9tablissement de votre dossier ensemble lors du rendez-vous. En cas de probl\u00e8me ou de doute, n&rsquo;h\u00e9sitez pas \u00e0 nous contacter \u00e0 l&rsquo;adresse <a href=\"mailto:contact@armn.fr\" target=\"_blank\" rel=\"noreferrer noopener\">contact@armn.fr<\/a>&nbsp;.<\/p>\n\n\n\n<h3 class=\"wp-block-heading has-text-align-left has-kubio-color-1-color has-text-color has-link-color wp-elements-86ebe63e93cc80fe84c0feb7128895b4\"><strong>Tarifs<\/strong><\/h3>\n\n\n\n<figure class=\"wp-block-table\"><table class=\"has-fixed-layout\"><tbody><tr><td>2025-2026<\/td><td>10 ans et moins (2016 et apr\u00e8s)<\/td><td>11 ans et plus (2015 et avant)<\/td><\/tr><tr><td colspan=\"3\"><strong>GIVET<\/strong><\/td><\/tr><tr><td>Groupe Elite<\/td><td>&#8211;<\/td><td>320 \u20ac<\/td><\/tr><tr><td>Natation Course 2<\/td><td>&#8211;<\/td><td>305 \u20ac<\/td><\/tr><tr><td>Natation Course 1<\/td><td>&#8211;<\/td><td>295 \u20ac<\/td><\/tr><tr><td>Perfectionnement<\/td><td>260 \u20ac<\/td><td>290 \u20ac<\/td><\/tr><tr><td>Ecole de Natation (Initiation et Apprentissage)<\/td><td>215 \u20ac<\/td><td>255 \u20ac<\/td><\/tr><tr><td>Section sport<\/td><td>&#8211;<\/td><td>250 \u20ac<\/td><\/tr><tr><td>Ados \/ Adultes \/ Ma\u00eetres<\/td><td>&#8211;<\/td><td>250 \u20ac<\/td><\/tr><tr><td colspan=\"3\"><strong>REVIN<\/strong><\/td><\/tr><tr><td>Club<\/td><td>&#8211;<\/td><td>250 \u20ac<\/td><\/tr><tr><td>Ecole de Natation (Initiation et Apprentissage)<\/td><td>215 \u20ac<\/td><td>250 \u20ac<\/td><\/tr><tr><td colspan=\"3\"><strong>VIREUX<\/strong><\/td><\/tr><tr><td>Ecole de Natation (Initiation et Apprentissage)<\/td><td>215 \u20ac<\/td><td>250 \u20ac<\/td><\/tr><\/tbody><\/table><\/figure>\n\n\n\n<p>Les ch\u00e8ques loisirs CAF, ch\u00e8ques vacances et coupons sport ANCV, ch\u00e8ques MSA activit\u00e9s, et Pass&rsquo;Sport sont accept\u00e9s. Nous accordons des r\u00e9ductions \u00e0 partir du deuxi\u00e8me licenci\u00e9 de la m\u00eame famille, mais celles-ci seront calcul\u00e9es et confirm\u00e9es lors du rendez-vous pour l\u2019inscription effective.<\/p>\n\n\n\n<h3 class=\"wp-block-heading has-text-align-left has-kubio-color-1-color has-text-color has-link-color wp-elements-545ca8fb2bd045678e9fd6a4ddf26a84\"><strong>R\u00e8glement<\/strong><\/h3>\n\n\n\n<p class=\"has-text-align-left\" style=\"font-size:17px\">Il est possible de r\u00e9gler la cotisation en <strong>3 fois<\/strong> :<\/p>\n\n\n\n<p class=\"has-text-align-left\">Un <strong>premier versement fixe de 100 \u20ac<\/strong> est \u00e0 effectuer <strong>d\u00e8s l\u2019inscription<\/strong>.<\/p>\n\n\n\n<p class=\"has-text-align-left\">Le <strong>solde restant<\/strong> sera ensuite r\u00e9parti en <strong>2 paiements \u00e9gaux<\/strong>, \u00e0 r\u00e9gler de la mani\u00e8re suivante :<\/p>\n\n\n\n<p>Le <strong>deuxi\u00e8me paiement<\/strong> un mois apr\u00e8s l\u2019inscription,<\/p>\n\n\n\n<p>Le <strong>troisi\u00e8me paiement<\/strong> deux mois apr\u00e8s l\u2019inscription.<\/p>\n\n\n\n<p class=\"has-text-align-left\">Ces paiements peuvent \u00eatre effectu\u00e9s par <strong>ch\u00e8que<\/strong> ou <strong>virement bancaire<\/strong>.<\/p>\n\n\n\n<p class=\"has-text-align-left\">Merci de respecter cet \u00e9ch\u00e9ancier afin de valider et maintenir votre inscription.<\/p>\n\n\n\n<h3 class=\"wp-block-heading has-text-align-left has-kubio-color-1-color has-text-color has-link-color wp-elements-591d44d0149296b436239d45862d5f66\"><strong>Coordonn\u00e9es bancaire<\/strong><\/h3>\n\n\n\n\n\n<h3 class=\"wp-block-heading has-text-align-left has-kubio-color-1-color has-text-color has-link-color wp-elements-e770a393334b630c551ca6b6727d0a36\"><strong>Inscription<\/strong><\/h3>\n\n\n\n<p class=\"has-text-align-left\">Afin que vous puissiez nous remettre votre dossier d\u2019inscription et le r\u00e8glement de votre inscription, nous vous donnons rendez-vous sur trois sites&nbsp;:<\/p>\n\n\n\n<p class=\"has-text-align-left\">\u00c0 Givet, dans le hall du centre aqualudique Riv\u00e9a&nbsp;:<\/p>\n\n\n\n<p>&#8211; Mercredi 27\/08 de 15h \u00e0 18h<\/p>\n\n\n\n<p>&#8211; Samedi 30\/08 de 10h \u00e0 13h<\/p>\n\n\n\n<p>&#8211; Mercredi 03\/09 de 15h \u00e0 18h<\/p>\n\n\n\n<p>&#8211; Samedi 06\/09 de 10h \u00e0 13h<\/p>\n\n\n\n<p class=\"has-text-align-left\">\u00c0 Revin,&nbsp;\u00e0 la piscine de Revin :<\/p>\n\n\n\n<p>&#8211;&nbsp;Mercredi&nbsp;10\/09 de 15h \u00e0 17h<\/p>\n\n\n\n<p>&#8211;&nbsp;Vendredi 12\/09 de&nbsp;19h30 \u00e0 20h30<\/p>\n\n\n\n<p>&#8211;&nbsp;Mercredi&nbsp;17\/09 de 15h \u00e0 17h<\/p>\n\n\n\n<p class=\"has-text-align-left\">\u00c0 Vireux, \u00e0 la piscine communautaire de Vireux-Wallerand&nbsp;:<\/p>\n\n\n\n<p>&#8211; Lundi 08\/09 de 18h15 \u00e0 19h30<\/p>\n\n\n\n<p>&#8211; Mercredi 10\/09 de 18h30 \u00e0 19h30<\/p>\n\n\n\n<p>&#8211; Lundi 15\/09 de&nbsp;18h15 \u00e0 19h30<\/p>\n\n\n\n<p class=\"has-text-align-left\">Pour rappel, aucune inscription ne sera prise sans dossier complet et paiement.<\/p>\n\n\n\n<h3 class=\"wp-block-heading has-text-align-left has-kubio-color-1-color has-text-color has-link-color wp-elements-4d26dba6ee73d3135d71ac9db82de133\"><strong>Test<\/strong><\/h3>\n\n\n\n<p class=\"has-text-align-left\">Si vous \u00eates un nouvel adh\u00e9rent, nous devons pouvoir d\u00e9couvrir vos capacit\u00e9s afin de pouvoir vous int\u00e9grer dans le groupe ad\u00e9quat. Bien que ce volet fasse partie de l\u2019entretien lors du rendez-vous, afin que vous puissiez d\u00e9j\u00e0 le planifier, ce test est organis\u00e9 aux dates suivantes&nbsp;:<\/p>\n\n\n\n<p class=\"has-text-align-left\">&#8211; Givet&nbsp;: sur rendez-vous fix\u00e9 lors de l\u2019inscription<\/p>\n\n\n\n<p class=\"has-text-align-left\">&#8211; Revin : vendredi&nbsp;12\/09 et mercredi 17\/09<\/p>\n\n\n\n<p class=\"has-text-align-left\">&#8211; Vireux&nbsp;: lors des cr\u00e9neaux d&rsquo;inscription<\/p>\n\n\n\n<h3 class=\"wp-block-heading has-text-align-left has-kubio-color-1-color has-text-color has-link-color wp-elements-c74a70261159f3013f1a31fdf58e423f\"><strong>Reprise<\/strong><\/h3>\n\n\n\n<p class=\"has-text-align-left\">La reprise des entrainements \/ cours est pr\u00e9vue sur les trois sites aux dates suivantes&nbsp;:<\/p>\n\n\n\n<p class=\"has-text-align-left\">&#8211; Givet&nbsp;: lundi 08\/09<\/p>\n\n\n\n<p class=\"has-text-align-left\">&#8211; Revin : lundi 08\/09<\/p>\n\n\n\n<p class=\"has-text-align-left\">&#8211; Vireux&nbsp;: mercredi 10\/09<\/p>\n\n\n\n<p><\/p>\n","protected":false},"excerpt":{"rendered":"<p>Cette ann\u00e9e, le syst\u00e8me d\u2019inscriptions \u00e9volue ! Afin de simplifier la gestion des dossiers et le suivi des adh\u00e9rents, toutes les inscriptions passeront d\u00e9sormais par l\u2019application MonClub. &#8211; Comment faire [&hellip;]<\/p>\n","protected":false},"author":1,"featured_media":0,"parent":0,"menu_order":0,"comment_status":"closed","ping_status":"closed","template":"","meta":{"saved_in_kubio":true,"footnotes":""},"class_list":["post-204","page","type-page","status-publish","hentry"],"kubio_ai_page_context":{"short_desc":"","purpose":"general"},"_links":{"self":[{"href":"https:\/\/armn.fr\/index.php\/wp-json\/wp\/v2\/pages\/204","targetHints":{"allow":["GET"]}}],"collection":[{"href":"https:\/\/armn.fr\/index.php\/wp-json\/wp\/v2\/pages"}],"about":[{"href":"https:\/\/armn.fr\/index.php\/wp-json\/wp\/v2\/types\/page"}],"author":[{"embeddable":true,"href":"https:\/\/armn.fr\/index.php\/wp-json\/wp\/v2\/users\/1"}],"replies":[{"embeddable":true,"href":"https:\/\/armn.fr\/index.php\/wp-json\/wp\/v2\/comments?post=204"}],"version-history":[{"count":5,"href":"https:\/\/armn.fr\/index.php\/wp-json\/wp\/v2\/pages\/204\/revisions"}],"predecessor-version":[{"id":1107,"href":"https:\/\/armn.fr\/index.php\/wp-json\/wp\/v2\/pages\/204\/revisions\/1107"}],"wp:attachment":[{"href":"https:\/\/armn.fr\/index.php\/wp-json\/wp\/v2\/media?parent=204"}],"curies":[{"name":"wp","href":"https:\/\/api.w.org\/{rel}","templated":true}]}}