{"id":201,"date":"2025-02-14T15:19:54","date_gmt":"2025-02-14T14:19:54","guid":{"rendered":"https:\/\/armn96.wordpress.com\/?page_id=38"},"modified":"2026-03-02T16:55:45","modified_gmt":"2026-03-02T15:55:45","slug":"le-club-2","status":"publish","type":"page","link":"https:\/\/armn.fr\/index.php\/le-club-2\/","title":{"rendered":"L&rsquo;histoire du Club"},"content":{"rendered":"\n<p><\/p>\n\n\n\n\n\n<p class=\"has-text-align-left\">Le Club Nautique Givetois fut cr\u00e9\u00e9 le <strong>19 avril 1931<\/strong>, par <strong>M. &amp; Mme Willemart<\/strong>, pour combattre le d\u00e9soeuvrement de la jeunesse \u00e0 Givet. En l\u2019absence de piscine \u00e0 cette \u00e9poque, toutes les activit\u00e9s nautiques se d\u00e9roulaient aux <strong>Bains de Meuse<\/strong>, sur une parcelle de terrain acquise par quelques actionnaires au bord de la Meuse, entre Givet et Rancennes.<\/p>\n\n\n\n<p class=\"has-text-align-left\">D\u00e8s sa cr\u00e9ation, le club conna\u00eet un bel essor : construction d\u2019une grenouill\u00e8re pour les enfants et les d\u00e9butants, am\u00e9nagement d\u2019un grand bassin de 50 m dans la Meuse gr\u00e2ce \u00e0 des margotins amarr\u00e9s au fond, d\u00e9limit\u00e9 par des lignes en bois, et installation de plongeoirs (1 m et 2 m).<\/p>\n\n\n\n\n\n\n\n\n\n\n\n\n\n\n\n\n\n\n\n\n\n\n\n\n\n\n","protected":false},"excerpt":{"rendered":"<p>Le Club Nautique Givetois fut cr\u00e9\u00e9 le 19 avril 1931, par M. &amp; Mme Willemart, pour combattre le d\u00e9soeuvrement de la jeunesse \u00e0 Givet. En l\u2019absence de piscine \u00e0 cette [&hellip;]<\/p>\n","protected":false},"author":1,"featured_media":0,"parent":0,"menu_order":0,"comment_status":"closed","ping_status":"closed","template":"","meta":{"saved_in_kubio":true,"footnotes":""},"class_list":["post-201","page","type-page","status-publish","hentry"],"kubio_ai_page_context":{"short_desc":"","purpose":"general"},"_links":{"self":[{"href":"https:\/\/armn.fr\/index.php\/wp-json\/wp\/v2\/pages\/201","targetHints":{"allow":["GET"]}}],"collection":[{"href":"https:\/\/armn.fr\/index.php\/wp-json\/wp\/v2\/pages"}],"about":[{"href":"https:\/\/armn.fr\/index.php\/wp-json\/wp\/v2\/types\/page"}],"author":[{"embeddable":true,"href":"https:\/\/armn.fr\/index.php\/wp-json\/wp\/v2\/users\/1"}],"replies":[{"embeddable":true,"href":"https:\/\/armn.fr\/index.php\/wp-json\/wp\/v2\/comments?post=201"}],"version-history":[{"count":7,"href":"https:\/\/armn.fr\/index.php\/wp-json\/wp\/v2\/pages\/201\/revisions"}],"predecessor-version":[{"id":1357,"href":"https:\/\/armn.fr\/index.php\/wp-json\/wp\/v2\/pages\/201\/revisions\/1357"}],"wp:attachment":[{"href":"https:\/\/armn.fr\/index.php\/wp-json\/wp\/v2\/media?parent=201"}],"curies":[{"name":"wp","href":"https:\/\/api.w.org\/{rel}","templated":true}]}}